{"id":2388,"date":"2025-04-22T09:24:58","date_gmt":"2025-04-22T02:24:58","guid":{"rendered":"https:\/\/tuonglong.com\/?page_id=2388"},"modified":"2026-04-20T11:51:44","modified_gmt":"2026-04-20T04:51:44","slug":"gioi-thieu","status":"publish","type":"page","link":"https:\/\/tuonglong.com\/vi\/gioi-thieu\/","title":{"rendered":"GI\u1edaI THI\u1ec6U"},"content":{"rendered":"<h2 style=\"text-align: center;\">V\u1ec1 ch\u00fang t\u00f4i<\/h2>\n<p style=\"text-align: justify;\">Th\u00e0nh l\u1eadp t\u1eeb n\u0103m 2000, c\u00f4ng ty t\u1eadp trung v\u00e0o s\u1ea3n xu\u1ea5t v\u1ea3i Denim v\u00e0 v\u1ea3i PFGD ch\u1ea5t l\u01b0\u1ee3ng cao. \u0110\u00e1nh d\u1ea5u b\u01b0\u1edbc ngo\u1eb7t trong chi\u1ebfn l\u01b0\u1ee3c m\u1edf r\u1ed9ng to\u00e0n c\u1ea7u, t\u1eeb n\u0103m 2013, c\u00f4ng ty ch\u00ednh th\u1ee9c v\u01b0\u01a1n ra th\u1ecb tr\u01b0\u1eddng denim qu\u1ed1c t\u1ebf b\u1eb1ng vi\u1ec7c mua l\u1ea1i nh\u00e0 m\u00e1y Kaosha c\u1ee7a \u0110\u00e0i Loan \u2013 m\u1ed9t b\u01b0\u1edbc \u0111i chi\u1ebfn l\u01b0\u1ee3c nh\u1eb1m n\u00e2ng t\u1ea7m n\u0103ng l\u1ef1c s\u1ea3n xu\u1ea5t v\u00e0 \u0111\u00e1p \u1ee9ng nhu c\u1ea7u ng\u00e0y c\u00e0ng cao c\u1ee7a th\u1ecb tr\u01b0\u1eddng th\u1ebf gi\u1edbi.<\/p>\n\t<section class=\"section\" id=\"section_1419805424\">\n\t\t<div class=\"bg section-bg fill bg-fill  bg-loaded\" >\n\n\t\t\t\n\t\t\t\n\t\t\t\n\n\t\t<\/div>\n\n\t\t<div class=\"section-content relative\">\n\t\t\t\n<div class=\"row\"  id=\"row-41242940\">\n\n\t<div id=\"col-176787737\" class=\"col medium-4 small-12 large-4\"  >\n\t\t<div class=\"col-inner\"  >\n\t\t\t\n\t\t\t\n\t<div class=\"box has-hover   has-hover box-text-bottom\" >\n\n\t\t<div class=\"box-image\" >\n\t\t\t\t\t\t<div class=\"\" >\n\t\t\t\t<img loading=\"lazy\" decoding=\"async\" width=\"740\" height=\"740\" src=\"https:\/\/tuonglong.com\/wp-content\/uploads\/2025\/04\/Tuong-long-denim-fabric.png\" class=\"attachment- size-\" alt=\"Tuong Long Denim fabric\" srcset=\"https:\/\/tuonglong.com\/wp-content\/uploads\/2025\/04\/Tuong-long-denim-fabric.png 740w, https:\/\/tuonglong.com\/wp-content\/uploads\/2025\/04\/Tuong-long-denim-fabric-300x300.png 300w, https:\/\/tuonglong.com\/wp-content\/uploads\/2025\/04\/Tuong-long-denim-fabric-150x150.png 150w\" sizes=\"auto, (max-width: 740px) 100vw, 740px\" \/>\t\t\t\t\t\t\t\t\t\t\t<\/div>\n\t\t\t\t\t<\/div>\n\n\t\t<div class=\"box-text text-center\" >\n\t\t\t<div class=\"box-text-inner\">\n\t\t\t\t\n<h4>S\u1ea3n ph\u1ea9m ch\u00ednh<\/h4>\n<ul style=\"list-style-type: disc;\">\n<li style=\"text-align: left;\">V\u1ea3i Denim<\/li>\n<li style=\"text-align: left;\">V\u1ea3i PFGD<\/li>\n<\/ul>\n\t\t\t<\/div>\n\t\t<\/div>\n\t<\/div>\n\t\n\t\t<\/div>\n\t\t\t<\/div>\n\n\t\n\n\t<div id=\"col-1769276978\" class=\"col medium-4 small-12 large-4\"  >\n\t\t<div class=\"col-inner\"  >\n\t\t\t\n\t\t\t\n\t<div class=\"box has-hover   has-hover box-text-bottom\" >\n\n\t\t<div class=\"box-image\" >\n\t\t\t\t\t\t<div class=\"\" >\n\t\t\t\t<img loading=\"lazy\" decoding=\"async\" width=\"1000\" height=\"1000\" src=\"https:\/\/tuonglong.com\/wp-content\/uploads\/2025\/04\/NHAN-SU-TUONG-LONG-DENIM.png\" class=\"attachment- size-\" alt=\"\" srcset=\"https:\/\/tuonglong.com\/wp-content\/uploads\/2025\/04\/NHAN-SU-TUONG-LONG-DENIM.png 1000w, https:\/\/tuonglong.com\/wp-content\/uploads\/2025\/04\/NHAN-SU-TUONG-LONG-DENIM-300x300.png 300w, https:\/\/tuonglong.com\/wp-content\/uploads\/2025\/04\/NHAN-SU-TUONG-LONG-DENIM-150x150.png 150w, https:\/\/tuonglong.com\/wp-content\/uploads\/2025\/04\/NHAN-SU-TUONG-LONG-DENIM-768x768.png 768w\" sizes=\"auto, (max-width: 1000px) 100vw, 1000px\" \/>\t\t\t\t\t\t\t\t\t\t\t<\/div>\n\t\t\t\t\t<\/div>\n\n\t\t<div class=\"box-text text-center\" >\n\t\t\t<div class=\"box-text-inner\">\n\t\t\t\t\n<h4>Nh\u00e2n s\u1ef1<\/h4>\n<p>380+ C\u00e1n b\u1ed9, CNV l\u00e0nh ngh\u1ec1<\/p>\n\t\t\t<\/div>\n\t\t<\/div>\n\t<\/div>\n\t\n\t\t<\/div>\n\t\t\t<\/div>\n\n\t\n\n\t<div id=\"col-1535893455\" class=\"col medium-4 small-12 large-4\"  >\n\t\t<div class=\"col-inner\"  >\n\t\t\t\n\t\t\t\n\t<div class=\"box has-hover   has-hover box-text-bottom\" >\n\n\t\t<div class=\"box-image\" >\n\t\t\t\t\t\t<div class=\"\" >\n\t\t\t\t<img loading=\"lazy\" decoding=\"async\" width=\"740\" height=\"740\" src=\"https:\/\/tuonglong.com\/wp-content\/uploads\/2025\/04\/Tuong-long-denim-fabric-market.png\" class=\"attachment- size-\" alt=\"\" srcset=\"https:\/\/tuonglong.com\/wp-content\/uploads\/2025\/04\/Tuong-long-denim-fabric-market.png 740w, https:\/\/tuonglong.com\/wp-content\/uploads\/2025\/04\/Tuong-long-denim-fabric-market-300x300.png 300w, https:\/\/tuonglong.com\/wp-content\/uploads\/2025\/04\/Tuong-long-denim-fabric-market-150x150.png 150w\" sizes=\"auto, (max-width: 740px) 100vw, 740px\" \/>\t\t\t\t\t\t\t\t\t\t\t<\/div>\n\t\t\t\t\t<\/div>\n\n\t\t<div class=\"box-text text-center\" >\n\t\t\t<div class=\"box-text-inner\">\n\t\t\t\t\n<h4>Th\u1ecb tr\u01b0\u1eddng ch\u00ednh<\/h4>\n<p>M\u1ef9, Ch\u00e2u \u00c2u, H\u00e0n Qu\u1ed1c, Nh\u1eadt B\u1ea3n, Vi\u1ec7t Nam<\/p>\n\t\t\t<\/div>\n\t\t<\/div>\n\t<\/div>\n\t\n\t\t<\/div>\n\t\t\t<\/div>\n\n\t\n<\/div>\n\t\t<\/div>\n\n\t\t\n<style>\n#section_1419805424 {\n  padding-top: 30px;\n  padding-bottom: 30px;\n}\n<\/style>\n\t<\/section>\n\t\n\t<section class=\"section dark has-mask mask-arrow\" id=\"section_1599194846\">\n\t\t<div class=\"bg section-bg fill bg-fill  bg-loaded\" >\n\n\t\t\t\n\t\t\t<div class=\"section-bg-overlay absolute fill\"><\/div>\n\t\t\t\n\t<div class=\"is-border\"\n\t\tstyle=\"border-color:rgb(235, 235, 235);border-width:1px 0px 0px 0px;\">\n\t<\/div>\n\n\t\t<\/div>\n\n\t\t<div class=\"section-content relative\">\n\t\t\t\n<h2 style=\"text-align: center;\">V\u1ecb tr\u00ed chi\u1ebfn l\u01b0\u1ee3c<\/h2>\n<p class=\"\" data-start=\"0\" data-end=\"70\">C\u00f4ng ty Denim T\u01b0\u1eddng Long t\u1ecda l\u1ea1c t\u1ea1i Khu c\u00f4ng nghi\u1ec7p S\u00f3ng Th\u1ea7n II, gi\u00e1p ranh TP. H\u1ed3 Ch\u00ed Minh, mang \u0111\u1ebfn nhi\u1ec1u thu\u1eadn l\u1ee3i cho ho\u1ea1t \u0111\u1ed9ng v\u1eadn chuy\u1ec3n.<\/p>\n<ul>\n<li data-start=\"72\" data-end=\"269\"><strong data-start=\"72\" data-end=\"86\">C\u1ea3ng bi\u1ec3n:<\/strong> C\u00e1ch c\u1ea3ng C\u00e1t L\u00e1i \u2013 c\u1ea3ng l\u1edbn nh\u1ea5t khu v\u1ef1c ph\u00eda Nam Vi\u1ec7t Nam \u2013 ch\u1ec9 30 ph\u00fat di chuy\u1ec3n.<\/li>\n<li data-start=\"72\" data-end=\"269\"><strong data-start=\"174\" data-end=\"186\">S\u00e2n bay:<\/strong> C\u00e1ch s\u00e2n bay qu\u1ed1c t\u1ebf T\u00e2n S\u01a1n Nh\u1ea5t \u2013 s\u00e2n bay nh\u1ed9n nh\u1ecbp nh\u1ea5t Vi\u1ec7t Nam \u2013 ch\u1ec9 30 ph\u00fat.<\/li>\n<\/ul>\n\t\t<\/div>\n\n\t\t\n<style>\n#section_1599194846 {\n  padding-top: 59px;\n  padding-bottom: 59px;\n  min-height: 420px;\n  background-color: #09716f;\n}\n#section_1599194846 .section-bg-overlay {\n  background-color: rgba(0, 0, 0, 0.4);\n}\n<\/style>\n\t<\/section>\n\t\n<div class=\"is-divider divider clearfix\" style=\"height:0px;\"><\/div>\n<h2 style=\"text-align: center;\">N\u0103ng l\u1ef1c s\u1ea3n xu\u1ea5t<\/h2>\n<p class=\"\" style=\"text-align: justify;\" data-start=\"0\" data-end=\"181\">C\u00f4ng su\u1ea5t d\u1ec7t c\u1ee7a nh\u00e0 m\u00e1y \u0111\u1ea1t t\u1edbi 15 tri\u1ec7u m\u00e9t v\u1ea3i denim m\u1ed7i n\u0103m. C\u00f4ng ty c\u00f3 k\u1ebf ho\u1ea1ch t\u0103ng g\u1ea5p \u0111\u00f4i s\u1ea3n l\u01b0\u1ee3ng trong v\u00e0i n\u0103m t\u1edbi, v\u1edbi t\u1ed1c \u0111\u1ed9 t\u0103ng tr\u01b0\u1edfng 30% \u2013 40% m\u1ed7i n\u0103m.<\/p>\n<p class=\"\" style=\"text-align: justify;\" data-start=\"183\" data-end=\"419\">B\u1eb1ng vi\u1ec7c \u00e1p d\u1ee5ng c\u00e1c ti\u00eau chu\u1ea9n k\u1ef9 thu\u1eadt nghi\u00eam ng\u1eb7t, \u0111\u1eb7t t\u00ednh b\u1ec1n v\u1eefng l\u00e0m gi\u00e1 tr\u1ecb c\u1ed1t l\u00f5i, Denim Tuong Long lu\u00f4n tri\u1ec3n khai c\u00e1c ph\u01b0\u01a1ng ph\u00e1p th\u00e2n thi\u1ec7n v\u1edbi m\u00f4i tr\u01b0\u1eddng trong quy tr\u00ecnh ph\u00e1t tri\u1ec3n s\u1ea3n ph\u1ea9m nh\u01b0 m\u1ed9t y\u00eau c\u1ea7u b\u1eaft bu\u1ed9c.<\/p>\n<p class=\"\" style=\"text-align: justify;\" data-start=\"421\" data-end=\"709\">Denim T\u01b0\u1eddng Long \u0111\u00e3 tr\u1edf th\u00e0nh \u0111\u1ed1i t\u00e1c \u0111\u00e1ng tin c\u1eady c\u1ee7a nhi\u1ec1u th\u01b0\u01a1ng hi\u1ec7u uy t\u00edn tr\u00ean th\u1ebf gi\u1edbi trong nhi\u1ec1u n\u0103m qua. \u0110\u1ed1i v\u1edbi th\u1ecb tr\u01b0\u1eddng trong n\u01b0\u1edbc, ch\u1ea5t l\u01b0\u1ee3ng v\u01b0\u1ee3t tr\u1ed9i c\u1ee7a s\u1ea3n ph\u1ea9m \u0111\u00e3 gi\u00fap Denim T\u01b0\u1eddng Long tr\u1edf th\u00e0nh nh\u00e0 cung c\u1ea5p l\u00e2u d\u00e0i \u0111\u01b0\u1ee3c \u01b0u ti\u00ean c\u1ee7a nhi\u1ec1u th\u01b0\u01a1ng hi\u1ec7u Vi\u1ec7t.<\/p>\n<div class=\"is-divider divider clearfix\" style=\"height:0px;\"><\/div>\n<h2 style=\"text-align: center;\">T\u1ea7m nh\u00ecn chi\u1ebfn l\u01b0\u1ee3c<\/h2>\n\t<section class=\"section\" id=\"section_1091228678\">\n\t\t<div class=\"bg section-bg fill bg-fill  bg-loaded\" >\n\n\t\t\t\n\t\t\t<div class=\"section-bg-overlay absolute fill\"><\/div>\n\t\t\t\n\n\t\t<\/div>\n\n\t\t<div class=\"section-content relative\">\n\t\t\t\n<div class=\"row row-large align-middle\"  id=\"row-690215479\">\n\n\t<div id=\"col-1919970623\" class=\"col medium-6 small-12 large-6\"  >\n\t\t<div class=\"col-inner text-left\"  >\n\t\t\t\n\t\t\t\n<p class=\"\" style=\"text-align: justify;\" data-start=\"0\" data-end=\"178\">V\u1edbi 100% v\u1ed1n trong n\u01b0\u1edbc, Denim T\u01b0\u1eddng Long l\u00e0 doanh nghi\u1ec7p ti\u00ean phong trong vi\u1ec7c mua l\u1ea1i c\u00e1c c\u00f4ng ty c\u00f3 v\u1ed1n \u0111\u1ea7u t\u01b0 n\u01b0\u1edbc ngo\u00e0i, c\u00f9ng chia s\u1ebb th\u00e0nh c\u00f4ng trong ng\u00e0nh d\u1ec7t may.<\/p>\n<p class=\"\" style=\"text-align: justify;\" data-start=\"180\" data-end=\"379\"><strong>Denim T\u01b0\u1eddng Long tin t\u01b0\u1edfng r\u1eb1ng, vi\u1ec7c \u1ee9ng d\u1ee5ng c\u00f4ng ngh\u1ec7 ti\u00ean ti\u1ebfn k\u1ebft h\u1ee3p v\u1edbi ngu\u1ed3n nh\u00e2n l\u1ef1c ch\u1ea5t l\u01b0\u1ee3ng cao t\u1eeb nhi\u1ec1u qu\u1ed1c gia s\u1ebd gi\u00fap th\u00fac \u0111\u1ea9y s\u1ef1 ph\u00e1t tri\u1ec3n b\u1ec1n v\u1eefng c\u1ee7a ng\u00e0nh v\u1ea3i denim.<\/strong><\/p>\n<p class=\"\" style=\"text-align: justify;\" data-start=\"381\" data-end=\"543\">Ch\u00fang t\u00f4i lu\u00f4n n\u1ed7 l\u1ef1c \u0111\u1ec3 tr\u1edf th\u00e0nh nh\u00e0 s\u1ea3n xu\u1ea5t c\u00e1c s\u1ea3n ph\u1ea9m c\u00f3 ch\u1ea5t l\u01b0\u1ee3ng \u1ed5n \u0111\u1ecbnh, \u1ee9ng d\u1ee5ng c\u00f4ng ngh\u1ec7 hi\u1ec7n \u0111\u1ea1i, \u0111\u1ed3ng th\u1eddi gi\u1ea3m thi\u1ec3u t\u00e1c \u0111\u1ed9ng \u0111\u1ebfn m\u00f4i tr\u01b0\u1eddng.<\/p>\n<p class=\"\" style=\"text-align: justify;\" data-start=\"545\" data-end=\"990\">Denim T\u01b0\u1eddng Long cam k\u1ebft l\u1ea5y t\u00ednh b\u1ec1n v\u1eefng l\u00e0m gi\u00e1 tr\u1ecb c\u1ed1t l\u00f5i trong s\u1ea3n xu\u1ea5t, \u0111\u1ed3ng h\u00e0nh c\u00f9ng c\u00e1c \u0111\u1ed1i t\u00e1c l\u1edbn trong v\u00e0 ngo\u00e0i n\u01b0\u1edbc, tr\u1edf th\u00e0nh \u0111\u01a1n v\u1ecb ti\u00ean phong \u0111\u1ea1i di\u1ec7n cho th\u01b0\u01a1ng hi\u1ec7u denim Vi\u1ec7t Nam. Trong b\u1ed1i c\u1ea3nh ng\u00e0nh v\u1ea3i denim v\u00e0 gia c\u00f4ng may m\u1eb7c t\u1ea1i Vi\u1ec7t Nam ng\u00e0y c\u00e0ng c\u00f3 c\u01a1 h\u1ed9i v\u01b0\u01a1n ra qu\u1ed1c t\u1ebf, ch\u00fang t\u00f4i tin r\u1eb1ng gi\u00e1 tr\u1ecb gia t\u0103ng cho c\u00e1c s\u1ea3n ph\u1ea9m denim c\u1ee7a T\u01b0\u1eddng Long s\u1ebd ng\u00e0y c\u00e0ng \u0111\u01b0\u1ee3c kh\u1eb3ng \u0111\u1ecbnh tr\u00ean th\u1ecb tr\u01b0\u1eddng to\u00e0n c\u1ea7u.<\/p>\n\t\t<\/div>\n\t\t\t<\/div>\n\n\t\n\n\t<div id=\"col-864631757\" class=\"col medium-6 small-12 large-6\"  >\n\t\t<div class=\"col-inner\"  >\n\t\t\t\n\t\t\t\n\t<div class=\"img has-hover x md-x lg-x y md-y lg-y\" id=\"image_66332336\">\n\t\t\t\t\t\t\t\t<div class=\"img-inner dark\" >\n\t\t\t<img loading=\"lazy\" decoding=\"async\" width=\"826\" height=\"643\" src=\"https:\/\/tuonglong.com\/wp-content\/uploads\/2025\/04\/tuong-long-denim-our-vision.png\" class=\"attachment-large size-large\" alt=\"\" srcset=\"https:\/\/tuonglong.com\/wp-content\/uploads\/2025\/04\/tuong-long-denim-our-vision.png 826w, https:\/\/tuonglong.com\/wp-content\/uploads\/2025\/04\/tuong-long-denim-our-vision-300x234.png 300w, https:\/\/tuonglong.com\/wp-content\/uploads\/2025\/04\/tuong-long-denim-our-vision-768x598.png 768w\" sizes=\"auto, (max-width: 826px) 100vw, 826px\" \/>\t\t\t\t\t\t\n\t\t\t\t\t<\/div>\n\t\t\t\t\t\t\t\t\n<style>\n#image_66332336 {\n  width: 100%;\n}\n<\/style>\n\t<\/div>\n\t\n\t\t<\/div>\n\t\t\t<\/div>\n\n\t\n<\/div>\n\t\t<\/div>\n\n\t\t\n<style>\n#section_1091228678 {\n  padding-top: 60px;\n  padding-bottom: 60px;\n  background-color: rgb(193, 193, 193);\n}\n#section_1091228678 .section-bg-overlay {\n  background-color: rgba(255, 255, 255, 0.85);\n}\n<\/style>\n\t<\/section>\n\t\n\t<section class=\"section\" id=\"section_1968887143\">\n\t\t<div class=\"bg section-bg fill bg-fill  \" >\n\n\t\t\t\n\t\t\t<div class=\"section-bg-overlay absolute fill\"><\/div>\n\t\t\t\n\n\t\t<\/div>\n\n\t\t<div class=\"section-content relative\">\n\t\t\t\n<h2 style=\"text-align: center;\">Th\u00e0nh t\u1ef1u<\/h2>\n<p style=\"text-align: justify;\"><strong><em>Ch\u1ec9 trong v\u00f2ng 2 n\u0103m k\u1ec3 t\u1eeb sau khi ti\u1ebfp qu\u1ea3n l\u1ea1i nh\u00e0 m\u00e1y Kao Sha, c\u00f4ng ty TNHH Denim T\u01b0\u1eddng Long \u0111\u00e3 nhanh ch\u00f3ng \u0111\u1ed5i m\u1edbi, ph\u00e1t tri\u1ec3n c\u00f4ng ngh\u1ec7 v\u00e0 nh\u00e2n l\u1ef1c, \u0111\u1ea1t \u0111\u01b0\u1ee3c li\u00ean ti\u1ebfp nhi\u1ec1u th\u00e0nh t\u00edch v\u00e0 \u0111\u01b0\u1ee3c s\u1ef1 c\u00f4ng nh\u1eadn c\u1ee7a nhi\u1ec1u t\u1ed5 ch\u1ee9c may m\u1eb7c trong v\u00e0 ngo\u00e0i n\u01b0\u1edbc.<\/em><\/strong><\/p>\n<p style=\"text-align: justify;\">Hai n\u0103m li\u00ean ti\u1ebfp (2015, 2016) \u0111\u1ea1t B\u1eb1ng khen cho \u201cTh\u00e0nh T\u00edch Xu\u1ea5t S\u1eafc Trong Ho\u1ea1t \u0110\u1ed9ng S\u1ea3n Xu\u1ea5t, Kinh Doanh G\u00f3p Ph\u1ea7n V\u00e0o S\u1ef1 Ph\u00e1t Tri\u1ec3n Kinh T\u1ebf \u2013 X\u00e3 H\u1ed9i C\u1ee7a T\u1ec9nh B\u00ecnh D\u01b0\u01a1ng\u201d c\u1ee7a Ch\u1ee7 T\u1ecbch \u1ee6y Ban Nh\u00e2n D\u00e2n T\u1ec9nh B\u00ecnh D\u01b0\u01a1ng<\/p>\n<p style=\"text-align: justify;\">K\u1ef7 Ni\u1ec7m Ch\u01b0\u01a1ng \u201cDoanh Nh\u00e2n Ti\u00eau Bi\u1ec3u Xu\u1ea5t S\u1eafc \u2013 Top 200\u201d c\u1ee7a Ch\u1ee7 T\u1ecbch \u1ee6y Ban Nh\u00e2n D\u00e2n T\u1ec9nh B\u00ecnh D\u01b0\u01a1ng (N\u0103m 2016 &amp; 2017)<\/p>\n<p style=\"text-align: justify;\">K\u1ef7 Ni\u1ec7m Ch\u01b0\u01a1ng \u201cDoanh Nh\u00e2n T\u1ec9nh B\u00ecnh D\u01b0\u01a1ng H\u1ed9i Nh\u1eadp v\u00e0 Ph\u00e1t Tri\u1ec3n\u201d c\u1ee7a \u1ee6y Ban Nh\u00e2n D\u00e2n T\u1ec9nh B\u00ecnh D\u01b0\u01a1ng.<\/p>\n<p style=\"text-align: justify;\">Gi\u1ea5y Khen \u201cTh\u00e0nh T\u00edch Xu\u1ea5t S\u1eafc Trong Ho\u1ea1t \u0110\u1ed9ng C\u00f4ng \u0110o\u00e0n\u201d c\u1ee7a C\u00f4ng \u0110o\u00e0n C\u00e1c Khu C\u00f4ng Nghi\u1ec7p T\u1ec9nh B\u00ecnh D\u01b0\u01a1ng n\u0103m 2018.<\/p>\n<p style=\"text-align: justify;\"><strong><em>C\u00e1c ch\u1ee9ng nh\u1eadn ti\u00eau bi\u1ec3u:<\/em><\/strong><\/p>\n<ul>\n<li style=\"text-align: justify;\">Top 10 Th\u01b0\u01a1ng hi\u1ec7u m\u1ea1nh qu\u1ed1c gia n\u0103m 2020<\/li>\n<li style=\"text-align: justify;\">Ch\u1ee9ng nh\u1eadn \u201cCotton USA\u201d c\u1ee7a Cotton Council International<\/li>\n<li style=\"text-align: justify;\">Ch\u1ee9ng nh\u1eadn ISO 9001:2015 c\u1ee7a Bureau Veritas 2019 \u2013 2022<\/li>\n<li style=\"text-align: justify;\">Ch\u1ee9ng nh\u1eadn Oeko \u2013 Tex n\u0103m 2018, 2019, 2020<\/li>\n<li style=\"text-align: justify;\">Ch\u1ee9ng nh\u1eadn Higg Index n\u0103m 2018<\/li>\n<li style=\"text-align: justify;\">Ch\u1ee9ng nh\u1eadn \u201cSupply Chain CSR Training\u201d c\u1ee7a Teijin Frontier Co. Ltd n\u0103m 2015, 2018<\/li>\n<li style=\"text-align: justify;\">Ch\u1ee9ng Nh\u1eadn \u201cTop 10 \u2013 Th\u01b0\u01a1ng Hi\u1ec7u M\u1ea1nh Qu\u1ed1c Gia\u201d n\u0103m 2020<\/li>\n<\/ul>\n\t\t<\/div>\n\n\t\t\n<style>\n#section_1968887143 {\n  padding-top: 30px;\n  padding-bottom: 30px;\n  background-color: rgb(255, 255, 255);\n}\n#section_1968887143 .section-bg-overlay {\n  background-color: rgba(255, 255, 255, 0.738);\n}\n#section_1968887143 .section-bg.bg-loaded {\n  background-image: url(https:\/\/tuonglong.com\/wp-content\/uploads\/2025\/04\/tuong-long-denim-vai-jean-viet-nam.png);\n}\n<\/style>\n\t<\/section>\n\t\n<div class=\"is-divider divider clearfix\" style=\"height:0px;\"><\/div>\n<h2 style=\"text-align: center;\">\u0110\u1ed1i t\u00e1c c\u1ee7a ch\u00fang t\u00f4i<\/h2>\n\t<div class=\"img has-hover x md-x lg-x y md-y lg-y\" id=\"image_1391238492\">\n\t\t\t\t\t\t\t\t<div class=\"img-inner dark\" >\n\t\t\t<img loading=\"lazy\" decoding=\"async\" width=\"1020\" height=\"512\" src=\"https:\/\/tuonglong.com\/wp-content\/uploads\/2020\/10\/About-us-partner-1024x514.jpg\" class=\"attachment-large size-large\" alt=\"\" srcset=\"https:\/\/tuonglong.com\/wp-content\/uploads\/2020\/10\/About-us-partner-1024x514.jpg 1024w, https:\/\/tuonglong.com\/wp-content\/uploads\/2020\/10\/About-us-partner-300x151.jpg 300w, https:\/\/tuonglong.com\/wp-content\/uploads\/2020\/10\/About-us-partner-768x385.jpg 768w, https:\/\/tuonglong.com\/wp-content\/uploads\/2020\/10\/About-us-partner-1536x771.jpg 1536w, https:\/\/tuonglong.com\/wp-content\/uploads\/2020\/10\/About-us-partner.jpg 1600w\" sizes=\"auto, (max-width: 1020px) 100vw, 1020px\" \/>\t\t\t\t\t\t\n\t\t\t\t\t<\/div>\n\t\t\t\t\t\t\t\t\n<style>\n#image_1391238492 {\n  width: 100%;\n}\n<\/style>\n\t<\/div>\n\t\n","protected":false},"excerpt":{"rendered":"<p>V\u1ec1 ch\u00fang t\u00f4i Th\u00e0nh l\u1eadp t\u1eeb n\u0103m 2000, c\u00f4ng ty t\u1eadp trung v\u00e0o s\u1ea3n xu\u1ea5t v\u1ea3i Denim v\u00e0 v\u1ea3i PFGD ch\u1ea5t l\u01b0\u1ee3ng cao. \u0110\u00e1nh d\u1ea5u b\u01b0\u1edbc ngo\u1eb7t trong chi\u1ebfn l\u01b0\u1ee3c m\u1edf r\u1ed9ng to\u00e0n c\u1ea7u, t\u1eeb n\u0103m 2013, c\u00f4ng ty ch\u00ednh th\u1ee9c v\u01b0\u01a1n ra th\u1ecb tr\u01b0\u1eddng denim qu\u1ed1c t\u1ebf b\u1eb1ng vi\u1ec7c mua l\u1ea1i nh\u00e0 m\u00e1y Kaosha [&#8230;]\n","protected":false},"author":1,"featured_media":0,"parent":0,"menu_order":0,"comment_status":"closed","ping_status":"closed","template":"","meta":{"footnotes":""},"class_list":["post-2388","page","type-page","status-publish","hentry"],"_links":{"self":[{"href":"https:\/\/tuonglong.com\/vi\/wp-json\/wp\/v2\/pages\/2388","targetHints":{"allow":["GET"]}}],"collection":[{"href":"https:\/\/tuonglong.com\/vi\/wp-json\/wp\/v2\/pages"}],"about":[{"href":"https:\/\/tuonglong.com\/vi\/wp-json\/wp\/v2\/types\/page"}],"author":[{"embeddable":true,"href":"https:\/\/tuonglong.com\/vi\/wp-json\/wp\/v2\/users\/1"}],"replies":[{"embeddable":true,"href":"https:\/\/tuonglong.com\/vi\/wp-json\/wp\/v2\/comments?post=2388"}],"version-history":[{"count":8,"href":"https:\/\/tuonglong.com\/vi\/wp-json\/wp\/v2\/pages\/2388\/revisions"}],"predecessor-version":[{"id":2721,"href":"https:\/\/tuonglong.com\/vi\/wp-json\/wp\/v2\/pages\/2388\/revisions\/2721"}],"wp:attachment":[{"href":"https:\/\/tuonglong.com\/vi\/wp-json\/wp\/v2\/media?parent=2388"}],"curies":[{"name":"wp","href":"https:\/\/api.w.org\/{rel}","templated":true}]}}