{"id":2404,"date":"2025-04-22T13:19:05","date_gmt":"2025-04-22T06:19:05","guid":{"rendered":"https:\/\/tuonglong.com\/?page_id=2404"},"modified":"2025-04-22T13:35:20","modified_gmt":"2025-04-22T06:35:20","slug":"nguon-luc","status":"publish","type":"page","link":"https:\/\/tuonglong.com\/vi\/nguon-luc\/","title":{"rendered":"NGU\u1ed2N L\u1ef0C"},"content":{"rendered":"<h2 style=\"text-align: center;\">C\u00f4ng ngh\u1ec7 &amp; Thi\u1ebft b\u1ecb<\/h2>\n<p class=\"\" style=\"text-align: justify;\" data-start=\"0\" data-end=\"334\">Denim T\u01b0\u1eddng Long kh\u00f4ng ng\u1eebng \u0111\u1ed5i m\u1edbi trang thi\u1ebft b\u1ecb nh\u00e0 m\u00e1y \u0111\u1ec3 b\u1eaft k\u1ecbp nhu c\u1ea7u v\u00e0 xu h\u01b0\u1edbng s\u1ea3n xu\u1ea5t chung c\u1ee7a th\u1ebf gi\u1edbi. Song song \u0111\u00f3, ch\u00fang t\u00f4i li\u00ean t\u1ee5c n\u00e2ng c\u1ea5p v\u00e0 c\u1eadp nh\u1eadt m\u00e1y m\u00f3c, c\u00f4ng ngh\u1ec7 m\u1edbi t\u1eeb Ch\u00e2u \u00c2u v\u00e0 Nh\u1eadt B\u1ea3n nh\u1eb1m n\u00e2ng cao n\u0103ng l\u1ef1c s\u1ea3n xu\u1ea5t, t\u1ed1i \u01b0u h\u00f3a nguy\u00ean v\u1eadt li\u1ec7u v\u00e0 gi\u1ea3m thi\u1ec3u t\u00e1c \u0111\u1ed9ng \u0111\u1ebfn m\u00f4i tr\u01b0\u1eddng.<\/p>\n<p class=\"\" style=\"text-align: justify;\" data-start=\"336\" data-end=\"577\">Ph\u00f2ng th\u00ed nghi\u1ec7m n\u1ed9i b\u1ed9 c\u1ee7a ch\u00fang t\u00f4i \u0111\u00e3 \u0111\u01b0\u1ee3c ch\u1ee9ng nh\u1eadn b\u1edfi BV v\u00e0 ITS, \u0111\u00e1p \u1ee9ng quy tr\u00ecnh ki\u1ec3m tra nghi\u00eam ng\u1eb7t t\u1eeb nguy\u00ean li\u1ec7u \u0111\u1ea7u v\u00e0o \u0111\u1ebfn th\u00e0nh ph\u1ea9m, \u0111\u1ea3m b\u1ea3o tu\u00e2n th\u1ee7 c\u00e1c ti\u00eau chu\u1ea9n AATCC, ASTM &amp; ISO cho th\u1ecb tr\u01b0\u1eddng M\u1ef9 v\u00e0 Ch\u00e2u \u00c2u.<\/p>\n<p class=\"\" style=\"text-align: justify;\" data-start=\"579\" data-end=\"740\">Vi\u1ec7c \u1ee9ng d\u1ee5ng c\u00f4ng ngh\u1ec7 t\u1ef1 \u0111\u1ed9ng trong pha tr\u1ed9n h\u00f3a ch\u1ea5t nhu\u1ed9m gi\u00fap t\u1ed1i \u01b0u h\u00f3a qu\u00e1 tr\u00ecnh s\u1ea3n xu\u1ea5t v\u00e0 \u0111\u1ea3m b\u1ea3o s\u1ef1 \u1ed5n \u0111\u1ecbnh v\u1ec1 ch\u1ea5t l\u01b0\u1ee3ng s\u1ea3n ph\u1ea9m ho\u00e0n thi\u1ec7n.<\/p>\n<p class=\"\" style=\"text-align: justify;\" data-start=\"742\" data-end=\"1094\">Cam k\u1ebft s\u1eed d\u1ee5ng thu\u1ed1c nhu\u1ed9m \u201ckh\u00f4ng ch\u1ee9a Aniline\u201d t\u1eeb Archroma (Th\u1ee5y S\u0129) nh\u01b0 m\u1ed9t l\u1eddi cam k\u1ebft c\u1ee7a Denim T\u01b0\u1eddng Long\u00a0 trong vi\u1ec7c gi\u1ea3m thi\u1ec3u t\u00e1c \u0111\u1ed9ng \u0111\u1ebfn m\u00f4i tr\u01b0\u1eddng v\u00e0 b\u1ea3o v\u1ec7 s\u1ee9c kh\u1ecfe con ng\u01b0\u1eddi. B\u00ean c\u1ea1nh \u0111\u00f3, ch\u00fang t\u00f4i coi tr\u1ecdng chuy\u00ean m\u00f4n v\u00e0 kinh nghi\u1ec7m c\u1ee7a nh\u00e0 cung c\u1ea5p thu\u1ed1c nhu\u1ed9m, nh\u1eb1m \u0111\u1ea3m b\u1ea3o ch\u1ea5t l\u01b0\u1ee3ng cho t\u1eebng m\u00e9t v\u1ea3i denim ho\u00e0n ch\u1ec9nh.<\/p>\n<p class=\"\" style=\"text-align: justify;\" data-start=\"1096\" data-end=\"1402\">N\u0103m 2020, Denim T\u01b0\u1eddng Long \u0111\u00e3 ti\u1ebfp t\u1ee5c h\u00e0nh tr\u00ecnh h\u01b0\u1edbng \u0111\u1ebfn ph\u00e1t tri\u1ec3n b\u1ec1n v\u1eefng b\u1eb1ng vi\u1ec7c l\u1eafp \u0111\u1eb7t h\u1ec7 th\u1ed1ng n\u0103ng l\u01b0\u1ee3ng m\u1eb7t tr\u1eddi, \u0111\u00e1nh d\u1ea5u m\u1ed9t b\u01b0\u1edbc ti\u1ebfn trong n\u1ed7 l\u1ef1c gi\u1ea3m thi\u1ec3u t\u00e1c \u0111\u1ed9ng ti\u00eau c\u1ef1c \u0111\u1ebfn m\u00f4i tr\u01b0\u1eddng v\u00e0 t\u1ef1 h\u00e0o khi g\u00f3p ph\u1ea7n v\u00e0o xu h\u01b0\u1edbng ph\u00e1t tri\u1ec3n b\u1ec1n v\u1eefng c\u1ee7a ng\u00e0nh c\u00f4ng nghi\u1ec7p d\u1ec7t may.<\/p>\n  <div class=\"banner-grid-wrapper\">\n  <div id=\"banner-grid-1969633623\" class=\"banner-grid row row-grid row-small\" data-packery-options=\"\">\n                      \n<div class=\"col grid-col large-8 grid-col-2-3\" ><div class=\"col-inner\">\n\t<div class=\"img has-hover x md-x lg-x y md-y lg-y\" id=\"image_233379620\">\n\t\t\t\t\t\t\t\t<div class=\"img-inner dark\" >\n\t\t\t<img loading=\"lazy\" decoding=\"async\" width=\"1020\" height=\"680\" src=\"https:\/\/tuonglong.com\/wp-content\/uploads\/2025\/04\/MAP9521-1024x683.png\" class=\"attachment-large size-large\" alt=\"\" srcset=\"https:\/\/tuonglong.com\/wp-content\/uploads\/2025\/04\/MAP9521-1024x683.png 1024w, https:\/\/tuonglong.com\/wp-content\/uploads\/2025\/04\/MAP9521-300x200.png 300w, https:\/\/tuonglong.com\/wp-content\/uploads\/2025\/04\/MAP9521-768x513.png 768w, https:\/\/tuonglong.com\/wp-content\/uploads\/2025\/04\/MAP9521.png 1500w\" sizes=\"auto, (max-width: 1020px) 100vw, 1020px\" \/>\t\t\t\t\t\t\n\t\t\t\t\t<\/div>\n\t\t\t\t\t\t\t\t\n<style>\n#image_233379620 {\n  width: 100%;\n}\n<\/style>\n\t<\/div>\n\t\n<\/div><\/div>\n<div class=\"col grid-col large-4 grid-col-1-3\" ><div class=\"col-inner\">\n\t<div class=\"img has-hover x md-x lg-x y md-y lg-y\" id=\"image_1539498717\">\n\t\t\t\t\t\t\t\t<div class=\"img-inner dark\" >\n\t\t\t<img loading=\"lazy\" decoding=\"async\" width=\"1020\" height=\"663\" src=\"https:\/\/tuonglong.com\/wp-content\/uploads\/2025\/04\/3S7H1105-1024x666.png\" class=\"attachment-large size-large\" alt=\"\" srcset=\"https:\/\/tuonglong.com\/wp-content\/uploads\/2025\/04\/3S7H1105-1024x666.png 1024w, https:\/\/tuonglong.com\/wp-content\/uploads\/2025\/04\/3S7H1105-300x195.png 300w, https:\/\/tuonglong.com\/wp-content\/uploads\/2025\/04\/3S7H1105-768x499.png 768w, https:\/\/tuonglong.com\/wp-content\/uploads\/2025\/04\/3S7H1105.png 1500w\" sizes=\"auto, (max-width: 1020px) 100vw, 1020px\" \/>\t\t\t\t\t\t\n\t\t\t\t\t<\/div>\n\t\t\t\t\t\t\t\t\n<style>\n#image_1539498717 {\n  width: 100%;\n}\n<\/style>\n\t<\/div>\n\t\n<\/div><\/div>\n<div class=\"col grid-col large-4 grid-col-2-3\" ><div class=\"col-inner\">\n\t<div class=\"img has-hover x md-x lg-x y md-y lg-y\" id=\"image_1063972417\">\n\t\t\t\t\t\t\t\t<div class=\"img-inner dark\" >\n\t\t\t<img loading=\"lazy\" decoding=\"async\" width=\"1020\" height=\"646\" src=\"https:\/\/tuonglong.com\/wp-content\/uploads\/2025\/04\/S7H1152-1024x649.png\" class=\"attachment-large size-large\" alt=\"\" srcset=\"https:\/\/tuonglong.com\/wp-content\/uploads\/2025\/04\/S7H1152-1024x649.png 1024w, https:\/\/tuonglong.com\/wp-content\/uploads\/2025\/04\/S7H1152-300x190.png 300w, https:\/\/tuonglong.com\/wp-content\/uploads\/2025\/04\/S7H1152-768x486.png 768w, https:\/\/tuonglong.com\/wp-content\/uploads\/2025\/04\/S7H1152.png 1500w\" sizes=\"auto, (max-width: 1020px) 100vw, 1020px\" \/>\t\t\t\t\t\t\n\t\t\t\t\t<\/div>\n\t\t\t\t\t\t\t\t\n<style>\n#image_1063972417 {\n  width: 100%;\n}\n<\/style>\n\t<\/div>\n\t\n<\/div><\/div>\n<div class=\"col grid-col large-8 grid-col-1-3\" ><div class=\"col-inner\">\n\t<div class=\"img has-hover x md-x lg-x y md-y lg-y\" id=\"image_643780391\">\n\t\t\t\t\t\t\t\t<div class=\"img-inner dark\" >\n\t\t\t<img loading=\"lazy\" decoding=\"async\" width=\"1000\" height=\"500\" src=\"https:\/\/tuonglong.com\/wp-content\/uploads\/2025\/04\/MAP9444.png\" class=\"attachment-large size-large\" alt=\"\" srcset=\"https:\/\/tuonglong.com\/wp-content\/uploads\/2025\/04\/MAP9444.png 1000w, https:\/\/tuonglong.com\/wp-content\/uploads\/2025\/04\/MAP9444-300x150.png 300w, https:\/\/tuonglong.com\/wp-content\/uploads\/2025\/04\/MAP9444-768x384.png 768w\" sizes=\"auto, (max-width: 1000px) 100vw, 1000px\" \/>\t\t\t\t\t\t\n\t\t\t\t\t<\/div>\n\t\t\t\t\t\t\t\t\n<style>\n#image_643780391 {\n  width: 100%;\n}\n<\/style>\n\t<\/div>\n\t\n<\/div><\/div>\n            <\/div>\n    <style>\n    #banner-grid-1969633623 .grid-col-1{height: 600px}\n    #banner-grid-1969633623 .grid-col-1-2{height: 300px}\n    #banner-grid-1969633623 .grid-col-1-3{height:200px}\n    #banner-grid-1969633623 .grid-col-2-3{height: 400px}\n    #banner-grid-1969633623 .grid-col-1-4{height: 150px}\n    #banner-grid-1969633623 .grid-col-3-4{height: 450px}\n\n\n    \n    \n\n  <\/style>\n    <\/div>\n  \n\t<div id=\"text-1904674327\" class=\"text\">\n\t\t\n<h2>Smart Lab<\/h2>\n\t\t\n<style>\n#text-1904674327 {\n  text-align: center;\n}\n<\/style>\n\t<\/div>\n\t\n<p class=\"\" style=\"text-align: justify;\" data-start=\"0\" data-end=\"229\">Hi\u1ec7n t\u1ea1i, Denim T\u01b0\u1eddng Long s\u1edf h\u1eefu c\u01a1 s\u1edf s\u1ea3n xu\u1ea5t v\u1edbi di\u1ec7n t\u00edch h\u01a1n 50.000 m\u00e9t vu\u00f4ng. V\u1edbi c\u01a1 c\u1ea5u nh\u00e2n s\u1ef1 \u0111a qu\u1ed1c gia, Denim T\u01b0\u1eddng Long c\u00f3 kh\u1ea3 n\u0103ng \u0111\u00e1p \u1ee9ng h\u1ea7u h\u1ebft c\u00e1c ti\u00eau chu\u1ea9n k\u1ef9 thu\u1eadt kh\u1eaft khe \u0111\u1ed1i v\u1edbi t\u1eebng lo\u1ea1i v\u1ea3i.<\/p>\n<p class=\"\" style=\"text-align: justify;\" data-start=\"231\" data-end=\"302\">S\u1ea3n l\u01b0\u1ee3ng h\u00e0ng n\u0103m c\u1ee7a c\u00f4ng ty hi\u1ec7n \u0111\u1ea1t h\u01a1n 15 tri\u1ec7u m\u00e9t v\u1ea3i denim.<\/p>\n<p class=\"\" style=\"text-align: justify;\" data-start=\"304\" data-end=\"508\">Trong 2 n\u0103m t\u1edbi, ch\u00fang t\u00f4i h\u01b0\u1edbng \u0111\u1ebfn vi\u1ec7c m\u1edf r\u1ed9ng quy m\u00f4 nh\u00e0 m\u00e1y l\u00ean g\u1ea5p \u0111\u00f4i, \u0111\u1ed3ng th\u1eddi n\u00e2ng c\u1ea5p h\u1ec7 th\u1ed1ng m\u00e1y m\u00f3c v\u00e0 n\u00e2ng cao n\u0103ng l\u1ef1c s\u1ea3n xu\u1ea5t \u0111\u1ec3 \u0111\u00e1p \u1ee9ng nhu c\u1ea7u ng\u00e0y c\u00e0ng cao c\u1ee7a th\u1ecb tr\u01b0\u1eddng.<\/p>\n  <div class=\"banner-grid-wrapper\">\n  <div id=\"banner-grid-689735151\" class=\"banner-grid row row-grid row-small\" data-packery-options=\"\">\n                      \n<div class=\"col grid-col large-6 grid-col-1\" ><div class=\"col-inner\">\n\t<div class=\"img has-hover x md-x lg-x y md-y lg-y\" id=\"image_1185715693\">\n\t\t\t\t\t\t\t\t<div class=\"img-inner dark\" >\n\t\t\t<img loading=\"lazy\" decoding=\"async\" width=\"1020\" height=\"680\" src=\"https:\/\/tuonglong.com\/wp-content\/uploads\/2025\/04\/machines-1024x683.png\" class=\"attachment-large size-large\" alt=\"\" srcset=\"https:\/\/tuonglong.com\/wp-content\/uploads\/2025\/04\/machines-1024x683.png 1024w, https:\/\/tuonglong.com\/wp-content\/uploads\/2025\/04\/machines-300x200.png 300w, https:\/\/tuonglong.com\/wp-content\/uploads\/2025\/04\/machines-768x512.png 768w, https:\/\/tuonglong.com\/wp-content\/uploads\/2025\/04\/machines.png 1500w\" sizes=\"auto, (max-width: 1020px) 100vw, 1020px\" \/>\t\t\t\t\t\t\n\t\t\t\t\t<\/div>\n\t\t\t\t\t\t\t\t\n<style>\n#image_1185715693 {\n  width: 100%;\n}\n<\/style>\n\t<\/div>\n\t\n<\/div><\/div>\n<div class=\"col grid-col large-3 grid-col-1\" ><div class=\"col-inner\">\n\t<div class=\"img has-hover x md-x lg-x y md-y lg-y\" id=\"image_775350912\">\n\t\t\t\t\t\t\t\t<div class=\"img-inner dark\" >\n\t\t\t<img loading=\"lazy\" decoding=\"async\" width=\"683\" height=\"1024\" src=\"https:\/\/tuonglong.com\/wp-content\/uploads\/2025\/04\/Tuong-Long-Denim-Smart-Lab-1-683x1024.png\" class=\"attachment-large size-large\" alt=\"\" srcset=\"https:\/\/tuonglong.com\/wp-content\/uploads\/2025\/04\/Tuong-Long-Denim-Smart-Lab-1-683x1024.png 683w, https:\/\/tuonglong.com\/wp-content\/uploads\/2025\/04\/Tuong-Long-Denim-Smart-Lab-1-200x300.png 200w, https:\/\/tuonglong.com\/wp-content\/uploads\/2025\/04\/Tuong-Long-Denim-Smart-Lab-1-768x1152.png 768w, https:\/\/tuonglong.com\/wp-content\/uploads\/2025\/04\/Tuong-Long-Denim-Smart-Lab-1.png 1000w\" sizes=\"auto, (max-width: 683px) 100vw, 683px\" \/>\t\t\t\t\t\t\n\t\t\t\t\t<\/div>\n\t\t\t\t\t\t\t\t\n<style>\n#image_775350912 {\n  width: 100%;\n}\n<\/style>\n\t<\/div>\n\t\n<\/div><\/div>\n<div class=\"col grid-col large-3 grid-col-1-2\" ><div class=\"col-inner\">\n\t<div class=\"img has-hover x md-x lg-x y md-y lg-y\" id=\"image_30013575\">\n\t\t\t\t\t\t\t\t<div class=\"img-inner dark\" >\n\t\t\t<img loading=\"lazy\" decoding=\"async\" width=\"1000\" height=\"753\" src=\"https:\/\/tuonglong.com\/wp-content\/uploads\/2025\/04\/Tuong-Long-Denim-Smart-Lab.png\" class=\"attachment-large size-large\" alt=\"\" srcset=\"https:\/\/tuonglong.com\/wp-content\/uploads\/2025\/04\/Tuong-Long-Denim-Smart-Lab.png 1000w, https:\/\/tuonglong.com\/wp-content\/uploads\/2025\/04\/Tuong-Long-Denim-Smart-Lab-300x226.png 300w, https:\/\/tuonglong.com\/wp-content\/uploads\/2025\/04\/Tuong-Long-Denim-Smart-Lab-768x578.png 768w\" sizes=\"auto, (max-width: 1000px) 100vw, 1000px\" \/>\t\t\t\t\t\t\n\t\t\t\t\t<\/div>\n\t\t\t\t\t\t\t\t\n<style>\n#image_30013575 {\n  width: 100%;\n}\n<\/style>\n\t<\/div>\n\t\n<\/div><\/div>\n<div class=\"col grid-col large-3 grid-col-1-2\" ><div class=\"col-inner\">\n\t<div class=\"img has-hover x md-x lg-x y md-y lg-y\" id=\"image_507321524\">\n\t\t\t\t\t\t\t\t<div class=\"img-inner dark\" >\n\t\t\t<img loading=\"lazy\" decoding=\"async\" width=\"971\" height=\"1024\" src=\"https:\/\/tuonglong.com\/wp-content\/uploads\/2025\/04\/Tuong-Long-Denim-Smart-Lab-2-971x1024.png\" class=\"attachment-large size-large\" alt=\"\" srcset=\"https:\/\/tuonglong.com\/wp-content\/uploads\/2025\/04\/Tuong-Long-Denim-Smart-Lab-2-971x1024.png 971w, https:\/\/tuonglong.com\/wp-content\/uploads\/2025\/04\/Tuong-Long-Denim-Smart-Lab-2-284x300.png 284w, https:\/\/tuonglong.com\/wp-content\/uploads\/2025\/04\/Tuong-Long-Denim-Smart-Lab-2-768x810.png 768w, https:\/\/tuonglong.com\/wp-content\/uploads\/2025\/04\/Tuong-Long-Denim-Smart-Lab-2.png 1000w\" sizes=\"auto, (max-width: 971px) 100vw, 971px\" \/>\t\t\t\t\t\t\n\t\t\t\t\t<\/div>\n\t\t\t\t\t\t\t\t\n<style>\n#image_507321524 {\n  width: 100%;\n}\n<\/style>\n\t<\/div>\n\t\n<\/div><\/div>\n            <\/div>\n    <style>\n    #banner-grid-689735151 .grid-col-1{height: 600px}\n    #banner-grid-689735151 .grid-col-1-2{height: 300px}\n    #banner-grid-689735151 .grid-col-1-3{height:200px}\n    #banner-grid-689735151 .grid-col-2-3{height: 400px}\n    #banner-grid-689735151 .grid-col-1-4{height: 150px}\n    #banner-grid-689735151 .grid-col-3-4{height: 450px}\n\n\n    \n    \n\n  <\/style>\n    <\/div>\n  \n\t<div id=\"text-1698134390\" class=\"text\">\n\t\t\n<h2>H\u1ec7 Th\u1ed1ng Ki\u1ec3m So\u00e1t Ch\u1ea5t L\u01b0\u1ee3ng<\/h2>\n\t\t\n<style>\n#text-1698134390 {\n  text-align: center;\n}\n<\/style>\n\t<\/div>\n\t\n\t<section class=\"section\" id=\"section_596831322\">\n\t\t<div class=\"bg section-bg fill bg-fill  bg-loaded\" >\n\n\t\t\t\n\t\t\t<div class=\"section-bg-overlay absolute fill\"><\/div>\n\t\t\t\n\n\t\t<\/div>\n\n\t\t<div class=\"section-content relative\">\n\t\t\t\n<div class=\"row row-large align-middle\"  id=\"row-518155523\">\n\n\t<div id=\"col-934918859\" class=\"col medium-6 small-12 large-6\"  >\n\t\t<div class=\"col-inner\"  >\n\t\t\t\n\t\t\t\n\t<div class=\"img has-hover x md-x lg-x y md-y lg-y\" id=\"image_411262409\">\n\t\t\t\t\t\t\t\t<div class=\"img-inner dark\" >\n\t\t\t<img loading=\"lazy\" decoding=\"async\" width=\"1020\" height=\"648\" src=\"https:\/\/tuonglong.com\/wp-content\/uploads\/2020\/09\/facilities-1024x651.jpg\" class=\"attachment-large size-large\" alt=\"\" srcset=\"https:\/\/tuonglong.com\/wp-content\/uploads\/2020\/09\/facilities-1024x651.jpg 1024w, https:\/\/tuonglong.com\/wp-content\/uploads\/2020\/09\/facilities-300x191.jpg 300w, https:\/\/tuonglong.com\/wp-content\/uploads\/2020\/09\/facilities-768x489.jpg 768w, https:\/\/tuonglong.com\/wp-content\/uploads\/2020\/09\/facilities-600x382.jpg 600w, https:\/\/tuonglong.com\/wp-content\/uploads\/2020\/09\/facilities.jpg 1242w\" sizes=\"auto, (max-width: 1020px) 100vw, 1020px\" \/>\t\t\t\t\t\t\n\t\t\t\t\t<\/div>\n\t\t\t\t\t\t\t\t\n<style>\n#image_411262409 {\n  width: 100%;\n}\n<\/style>\n\t<\/div>\n\t\n\t\t<\/div>\n\t\t\t<\/div>\n\n\t\n\n\t<div id=\"col-596765111\" class=\"col medium-6 small-12 large-6\"  >\n\t\t<div class=\"col-inner text-left\"  >\n\t\t\t\n\t\t\t\n<p class=\"\" style=\"text-align: justify;\" data-start=\"0\" data-end=\"66\">T\u1ea1i Denim T\u01b0\u1eddng Long, ch\u1ea5t l\u01b0\u1ee3ng lu\u00f4n l\u00e0 \u01b0u ti\u00ean h\u00e0ng \u0111\u1ea7u.<\/p>\n<p class=\"\" style=\"text-align: justify;\" data-start=\"68\" data-end=\"338\">T\u1ea5t c\u1ea3 nguy\u00ean v\u1eadt li\u1ec7u \u0111\u1ea7u v\u00e0o \u0111\u1ec1u \u0111\u01b0\u1ee3c ki\u1ec3m \u0111\u1ecbnh nghi\u00eam ng\u1eb7t t\u1ea1i ph\u00f2ng th\u00ed nghi\u1ec7m n\u1ed9i b\u1ed9 b\u1edfi c\u00e1c chuy\u00ean gia \u0111\u01b0\u1ee3c ch\u1ee9ng nh\u1eadn b\u1edfi BV v\u00e0 INTERTEK.<br data-start=\"224\" data-end=\"227\" \/>S\u1ea3n ph\u1ea9m v\u1ea3i ho\u00e0n thi\u1ec7n ph\u1ea3i tr\u1ea3i qua c\u00e1c b\u00e0i ki\u1ec3m tra v\u1eadt l\u00fd v\u00e0 h\u00f3a h\u1ecdc theo ti\u00eau chu\u1ea9n Ch\u00e2u \u00c2u v\u00e0 M\u1ef9.<\/p>\n<p class=\"\" style=\"text-align: justify;\" data-start=\"340\" data-end=\"459\">Ch\u00fang t\u00f4i s\u1eed d\u1ee5ng h\u00f3a ch\u1ea5t nh\u1eadp kh\u1ea9u t\u1eeb T\u00e2y Ban Nha v\u00e0 Ch\u00e2u \u00c2u, \u0111\u01b0\u1ee3c x\u00e1c minh theo quy tr\u00ecnh ki\u1ec3m \u0111\u1ecbnh qu\u1ed1c t\u1ebf.<\/p>\n<p class=\"\" style=\"text-align: justify;\" data-start=\"461\" data-end=\"572\">Denim T\u01b0\u1eddng Long t\u1ef1 h\u00e0o s\u1edf h\u1eefu c\u00e1c ch\u1ee9ng nh\u1eadn uy t\u00edn nh\u01b0 Cotton USA, BCI, Higg Index v\u00e0 ISO 9001.<\/p>\n<p class=\"\" style=\"text-align: justify;\" data-start=\"574\" data-end=\"740\">V\u1edbi quy tr\u00ecnh s\u1ea3n xu\u1ea5t kh\u00e9p k\u00edn v\u00e0 \u0111\u1ed9i ng\u0169 nh\u00e2n s\u1ef1 tay ngh\u1ec1 cao, ch\u00fang t\u00f4i \u0111\u1ea3m b\u1ea3o m\u1ed7i s\u1ea3n ph\u1ea9m \u0111\u1ec1u \u0111\u1ea1t ch\u1ea5t l\u01b0\u1ee3ng v\u01b0\u1ee3t tr\u1ed9i tr\u01b0\u1edbc khi \u0111\u1ebfn tay kh\u00e1ch h\u00e0ng.<\/p>\n\t\t<\/div>\n\t\t\t<\/div>\n\n\t\n<\/div>\n\t\t<\/div>\n\n\t\t\n<style>\n#section_596831322 {\n  padding-top: 60px;\n  padding-bottom: 60px;\n  background-color: rgb(193, 193, 193);\n}\n#section_596831322 .section-bg-overlay {\n  background-color: rgba(255, 255, 255, 0.85);\n}\n<\/style>\n\t<\/section>\n\t\n","protected":false},"excerpt":{"rendered":"<p>C\u00f4ng ngh\u1ec7 &amp; Thi\u1ebft b\u1ecb Denim T\u01b0\u1eddng Long kh\u00f4ng ng\u1eebng \u0111\u1ed5i m\u1edbi trang thi\u1ebft b\u1ecb nh\u00e0 m\u00e1y \u0111\u1ec3 b\u1eaft k\u1ecbp nhu c\u1ea7u v\u00e0 xu h\u01b0\u1edbng s\u1ea3n xu\u1ea5t chung c\u1ee7a th\u1ebf gi\u1edbi. Song song \u0111\u00f3, ch\u00fang t\u00f4i li\u00ean t\u1ee5c n\u00e2ng c\u1ea5p v\u00e0 c\u1eadp nh\u1eadt m\u00e1y m\u00f3c, c\u00f4ng ngh\u1ec7 m\u1edbi t\u1eeb Ch\u00e2u \u00c2u v\u00e0 Nh\u1eadt B\u1ea3n nh\u1eb1m [&#8230;]\n","protected":false},"author":1,"featured_media":0,"parent":0,"menu_order":0,"comment_status":"closed","ping_status":"closed","template":"","meta":{"footnotes":""},"class_list":["post-2404","page","type-page","status-publish","hentry"],"_links":{"self":[{"href":"https:\/\/tuonglong.com\/vi\/wp-json\/wp\/v2\/pages\/2404","targetHints":{"allow":["GET"]}}],"collection":[{"href":"https:\/\/tuonglong.com\/vi\/wp-json\/wp\/v2\/pages"}],"about":[{"href":"https:\/\/tuonglong.com\/vi\/wp-json\/wp\/v2\/types\/page"}],"author":[{"embeddable":true,"href":"https:\/\/tuonglong.com\/vi\/wp-json\/wp\/v2\/users\/1"}],"replies":[{"embeddable":true,"href":"https:\/\/tuonglong.com\/vi\/wp-json\/wp\/v2\/comments?post=2404"}],"version-history":[{"count":2,"href":"https:\/\/tuonglong.com\/vi\/wp-json\/wp\/v2\/pages\/2404\/revisions"}],"predecessor-version":[{"id":2407,"href":"https:\/\/tuonglong.com\/vi\/wp-json\/wp\/v2\/pages\/2404\/revisions\/2407"}],"wp:attachment":[{"href":"https:\/\/tuonglong.com\/vi\/wp-json\/wp\/v2\/media?parent=2404"}],"curies":[{"name":"wp","href":"https:\/\/api.w.org\/{rel}","templated":true}]}}