{"id":2408,"date":"2025-04-22T13:41:31","date_gmt":"2025-04-22T06:41:31","guid":{"rendered":"https:\/\/tuonglong.com\/?page_id=2408"},"modified":"2025-09-08T16:50:39","modified_gmt":"2025-09-08T09:50:39","slug":"du-an-eco","status":"publish","type":"page","link":"https:\/\/tuonglong.com\/vi\/du-an-eco\/","title":{"rendered":"D\u1ef0 \u00c1N ECO"},"content":{"rendered":"<h2 style=\"text-align: center;\">Cam K\u1ebft C\u1ee7a Ch\u00fang T\u00f4i<\/h2>\n\t<div class=\"img has-hover x md-x lg-x y md-y lg-y\" id=\"image_1456462124\">\n\t\t\t\t\t\t\t\t<div class=\"img-inner dark\" >\n\t\t\t<img loading=\"lazy\" decoding=\"async\" width=\"1920\" height=\"489\" src=\"https:\/\/tuonglong.com\/wp-content\/uploads\/2025\/04\/Slide2.png\" class=\"attachment-original size-original\" alt=\"\" srcset=\"https:\/\/tuonglong.com\/wp-content\/uploads\/2025\/04\/Slide2.png 1920w, https:\/\/tuonglong.com\/wp-content\/uploads\/2025\/04\/Slide2-300x76.png 300w, https:\/\/tuonglong.com\/wp-content\/uploads\/2025\/04\/Slide2-1024x261.png 1024w, https:\/\/tuonglong.com\/wp-content\/uploads\/2025\/04\/Slide2-768x196.png 768w, https:\/\/tuonglong.com\/wp-content\/uploads\/2025\/04\/Slide2-1536x391.png 1536w\" sizes=\"auto, (max-width: 1920px) 100vw, 1920px\" \/>\t\t\t\t\t\t\n\t\t\t\t\t<\/div>\n\t\t\t\t\t\t\t\t\n<style>\n#image_1456462124 {\n  width: 100%;\n}\n<\/style>\n\t<\/div>\n\t\n<ul>\n<li>S\u1eed d\u1ee5ng v\u1eadt li\u1ec7u b\u1ec1n v\u1eefng: Cotton M\u1ef9, s\u1ee3i t\u00e1i ch\u1ebf, s\u1ee3i h\u1eefu c\u01a1, Canopy MMC.<\/li>\n<li>\u00c1p d\u1ee5ng c\u00f4ng ngh\u1ec7 nhu\u1ed9m th\u00e2n thi\u1ec7n v\u1edbi m\u00f4i tr\u01b0\u1eddng: Aniline-Free Liquid Indigo (Archroma).<\/li>\n<li>\u0110\u1ea3m b\u1ea3o tu\u00e2n th\u1ee7 h\u00f3a ch\u1ea5t: H\u1ec7 th\u1ed1ng BVE3 t\u1eeb n\u0103m 2021 (tu\u00e2n th\u1ee7 100%).<br data-start=\"261\" data-end=\"264\" \/>Th\u1ef1c hi\u1ec7n ki\u1ec3m tra n\u01b0\u1edbc th\u1ea3i h\u00e0ng n\u0103m theo ti\u00eau chu\u1ea9n ZDHC.<\/li>\n<li>\u0110\u00e1nh gi\u00e1 t\u00e1c \u0111\u1ed9ng m\u00f4i tr\u01b0\u1eddng th\u00f4ng qua Higg FEM (t\u1eeb n\u0103m 2018).<br data-start=\"388\" data-end=\"391\" \/>Ti\u1ebfn h\u00e0nh \u0111\u00e1nh gi\u00e1 m\u00f4i tr\u01b0\u1eddng v\u00e0 n\u01a1i l\u00e0m vi\u1ec7c \u0111\u1ecbnh k\u1ef3 h\u00e0ng n\u0103m.<\/li>\n<li>Tham gia c\u00e1c s\u00e1ng ki\u1ebfn WCLP (Ch\u01b0\u01a1ng tr\u00ecnh L\u00e3nh \u0111\u1ea1o N\u01b0\u1edbc &amp; Carbon) v\u00e0 B\u1ed9 c\u00f4ng c\u1ee5 Carbon Toolkit.<\/li>\n<\/ul>\n<h2 style=\"text-align: center;\">V\u1eadt Li\u1ec7u B\u1ec1n V\u1eefng<\/h2>\n\t<div class=\"img has-hover x md-x lg-x y md-y lg-y\" id=\"image_1549246025\">\n\t\t\t\t\t\t\t\t<div class=\"img-inner dark\" >\n\t\t\t<img loading=\"lazy\" decoding=\"async\" width=\"1748\" height=\"768\" src=\"https:\/\/tuonglong.com\/wp-content\/uploads\/2025\/09\/Certificates.-Material-2.png\" class=\"attachment-original size-original\" alt=\"\" srcset=\"https:\/\/tuonglong.com\/wp-content\/uploads\/2025\/09\/Certificates.-Material-2.png 1748w, https:\/\/tuonglong.com\/wp-content\/uploads\/2025\/09\/Certificates.-Material-2-300x132.png 300w, https:\/\/tuonglong.com\/wp-content\/uploads\/2025\/09\/Certificates.-Material-2-1024x450.png 1024w, https:\/\/tuonglong.com\/wp-content\/uploads\/2025\/09\/Certificates.-Material-2-768x337.png 768w, https:\/\/tuonglong.com\/wp-content\/uploads\/2025\/09\/Certificates.-Material-2-1536x675.png 1536w\" sizes=\"auto, (max-width: 1748px) 100vw, 1748px\" \/>\t\t\t\t\t\t\n\t\t\t\t\t<\/div>\n\t\t\t\t\t\t\t\t\n<style>\n#image_1549246025 {\n  width: 100%;\n}\n<\/style>\n\t<\/div>\n\t\n<h2 style=\"text-align: center;\">H\u1ec7 Th\u1ed1ng N\u0103ng L\u01b0\u1ee3ng M\u1eb7t Tr\u1eddi<\/h2>\n\t<div class=\"img has-hover x md-x lg-x y md-y lg-y\" id=\"image_1505093922\">\n\t\t\t\t\t\t\t\t<div class=\"img-inner dark\" >\n\t\t\t<img loading=\"lazy\" decoding=\"async\" width=\"1020\" height=\"463\" src=\"https:\/\/tuonglong.com\/wp-content\/uploads\/2025\/04\/Tuong-Long-Denim-SROOFTOP-SOLAR-SYSTEM-1024x465.png\" class=\"attachment-large size-large\" alt=\"\" srcset=\"https:\/\/tuonglong.com\/wp-content\/uploads\/2025\/04\/Tuong-Long-Denim-SROOFTOP-SOLAR-SYSTEM-1024x465.png 1024w, https:\/\/tuonglong.com\/wp-content\/uploads\/2025\/04\/Tuong-Long-Denim-SROOFTOP-SOLAR-SYSTEM-300x136.png 300w, https:\/\/tuonglong.com\/wp-content\/uploads\/2025\/04\/Tuong-Long-Denim-SROOFTOP-SOLAR-SYSTEM-768x349.png 768w, https:\/\/tuonglong.com\/wp-content\/uploads\/2025\/04\/Tuong-Long-Denim-SROOFTOP-SOLAR-SYSTEM.png 1374w\" sizes=\"auto, (max-width: 1020px) 100vw, 1020px\" \/>\t\t\t\t\t\t\n\t\t\t\t\t<\/div>\n\t\t\t\t\t\t\t\t\n<style>\n#image_1505093922 {\n  width: 100%;\n}\n<\/style>\n\t<\/div>\n\t\n\t<div id=\"gap-1948179393\" class=\"gap-element clearfix\" style=\"display:block; height:auto;\">\n\t\t\n<style>\n#gap-1948179393 {\n  padding-top: 30px;\n}\n<\/style>\n\t<\/div>\n\t\n<h2 style=\"text-align: center;\">Ch\u1ee9ng Ch\u1ec9 Qu\u1ed1c T\u1ebf<\/h2>\n\t<div class=\"img has-hover x md-x lg-x y md-y lg-y\" id=\"image_2039593925\">\n\t\t\t\t\t\t\t\t<div class=\"img-inner dark\" >\n\t\t\t<img loading=\"lazy\" decoding=\"async\" width=\"1020\" height=\"723\" src=\"https:\/\/tuonglong.com\/wp-content\/uploads\/2025\/09\/Certificates-1024x726.png\" class=\"attachment-large size-large\" alt=\"\" srcset=\"https:\/\/tuonglong.com\/wp-content\/uploads\/2025\/09\/Certificates-1024x726.png 1024w, https:\/\/tuonglong.com\/wp-content\/uploads\/2025\/09\/Certificates-300x213.png 300w, https:\/\/tuonglong.com\/wp-content\/uploads\/2025\/09\/Certificates-768x545.png 768w, https:\/\/tuonglong.com\/wp-content\/uploads\/2025\/09\/Certificates-1536x1090.png 1536w, https:\/\/tuonglong.com\/wp-content\/uploads\/2025\/09\/Certificates.png 1748w\" sizes=\"auto, (max-width: 1020px) 100vw, 1020px\" \/>\t\t\t\t\t\t\n\t\t\t\t\t<\/div>\n\t\t\t\t\t\t\t\t\n<style>\n#image_2039593925 {\n  width: 100%;\n}\n<\/style>\n\t<\/div>\n\t\n","protected":false},"excerpt":{"rendered":"<p>Cam K\u1ebft C\u1ee7a Ch\u00fang T\u00f4i S\u1eed d\u1ee5ng v\u1eadt li\u1ec7u b\u1ec1n v\u1eefng: Cotton M\u1ef9, s\u1ee3i t\u00e1i ch\u1ebf, s\u1ee3i h\u1eefu c\u01a1, Canopy MMC. \u00c1p d\u1ee5ng c\u00f4ng ngh\u1ec7 nhu\u1ed9m th\u00e2n thi\u1ec7n v\u1edbi m\u00f4i tr\u01b0\u1eddng: Aniline-Free Liquid Indigo (Archroma). \u0110\u1ea3m b\u1ea3o tu\u00e2n th\u1ee7 h\u00f3a ch\u1ea5t: H\u1ec7 th\u1ed1ng BVE3 t\u1eeb n\u0103m 2021 (tu\u00e2n th\u1ee7 100%).Th\u1ef1c hi\u1ec7n ki\u1ec3m tra n\u01b0\u1edbc th\u1ea3i [&#8230;]\n","protected":false},"author":1,"featured_media":0,"parent":0,"menu_order":0,"comment_status":"closed","ping_status":"closed","template":"","meta":{"footnotes":""},"class_list":["post-2408","page","type-page","status-publish","hentry"],"_links":{"self":[{"href":"https:\/\/tuonglong.com\/vi\/wp-json\/wp\/v2\/pages\/2408","targetHints":{"allow":["GET"]}}],"collection":[{"href":"https:\/\/tuonglong.com\/vi\/wp-json\/wp\/v2\/pages"}],"about":[{"href":"https:\/\/tuonglong.com\/vi\/wp-json\/wp\/v2\/types\/page"}],"author":[{"embeddable":true,"href":"https:\/\/tuonglong.com\/vi\/wp-json\/wp\/v2\/users\/1"}],"replies":[{"embeddable":true,"href":"https:\/\/tuonglong.com\/vi\/wp-json\/wp\/v2\/comments?post=2408"}],"version-history":[{"count":6,"href":"https:\/\/tuonglong.com\/vi\/wp-json\/wp\/v2\/pages\/2408\/revisions"}],"predecessor-version":[{"id":2650,"href":"https:\/\/tuonglong.com\/vi\/wp-json\/wp\/v2\/pages\/2408\/revisions\/2650"}],"wp:attachment":[{"href":"https:\/\/tuonglong.com\/vi\/wp-json\/wp\/v2\/media?parent=2408"}],"curies":[{"name":"wp","href":"https:\/\/api.w.org\/{rel}","templated":true}]}}